{"id":20,"date":"2024-03-22T18:44:06","date_gmt":"2024-03-22T18:44:06","guid":{"rendered":"https:\/\/aqua-clean.ro\/wordpress\/index.php\/home\/"},"modified":"2025-07-09T13:15:33","modified_gmt":"2025-07-09T13:15:33","slug":"home","status":"publish","type":"page","link":"https:\/\/aqua-clean.ro\/","title":{"rendered":"Home"},"content":{"rendered":"\t\t<div data-elementor-type=\"wp-page\" data-elementor-id=\"20\" class=\"elementor elementor-20\">\n\t\t\t\t<div class=\"elementor-element elementor-element-5cb5ac0 e-flex e-con-boxed e-con e-parent\" data-id=\"5cb5ac0\" data-element_type=\"container\">\n\t\t\t\t\t<div class=\"e-con-inner\">\n\t\t\t\t<div class=\"elementor-element elementor-element-f0789d1 elementor-view-stacked elementor-fixed elementor-shape-circle elementor-widget elementor-widget-icon\" data-id=\"f0789d1\" data-element_type=\"widget\" data-settings=\"{&quot;_position&quot;:&quot;fixed&quot;}\" data-widget_type=\"icon.default\">\n\t\t\t\t<div class=\"elementor-widget-container\">\n\t\t\t\t\t<div class=\"elementor-icon-wrapper\">\n\t\t\t<a class=\"elementor-icon elementor-animation-float\" href=\"https:\/\/wa.me\/40742033145\">\n\t\t\t<svg aria-hidden=\"true\" class=\"e-font-icon-svg e-fab-whatsapp\" viewBox=\"0 0 448 512\" xmlns=\"http:\/\/www.w3.org\/2000\/svg\"><path d=\"M380.9 97.1C339 55.1 283.2 32 223.9 32c-122.4 0-222 99.6-222 222 0 39.1 10.2 77.3 29.6 111L0 480l117.7-30.9c32.4 17.7 68.9 27 106.1 27h.1c122.3 0 224.1-99.6 224.1-222 0-59.3-25.2-115-67.1-157zm-157 341.6c-33.2 0-65.7-8.9-94-25.7l-6.7-4-69.8 18.3L72 359.2l-4.4-7c-18.5-29.4-28.2-63.3-28.2-98.2 0-101.7 82.8-184.5 184.6-184.5 49.3 0 95.6 19.2 130.4 54.1 34.8 34.9 56.2 81.2 56.1 130.5 0 101.8-84.9 184.6-186.6 184.6zm101.2-138.2c-5.5-2.8-32.8-16.2-37.9-18-5.1-1.9-8.8-2.8-12.5 2.8-3.7 5.6-14.3 18-17.6 21.8-3.2 3.7-6.5 4.2-12 1.4-32.6-16.3-54-29.1-75.5-66-5.7-9.8 5.7-9.1 16.3-30.3 1.8-3.7.9-6.9-.5-9.7-1.4-2.8-12.5-30.1-17.1-41.2-4.5-10.8-9.1-9.3-12.5-9.5-3.2-.2-6.9-.2-10.6-.2-3.7 0-9.7 1.4-14.8 6.9-5.1 5.6-19.4 19-19.4 46.3 0 27.3 19.9 53.7 22.6 57.4 2.8 3.7 39.1 59.7 94.8 83.8 35.2 15.2 49 16.5 66.6 13.9 10.7-1.6 32.8-13.4 37.4-26.4 4.6-13 4.6-24.1 3.2-26.4-1.3-2.5-5-3.9-10.5-6.6z\"><\/path><\/svg>\t\t\t<\/a>\n\t\t<\/div>\n\t\t\t\t<\/div>\n\t\t\t\t<\/div>\n\t\t\t\t\t<\/div>\n\t\t\t\t<\/div>\n\t\t<div class=\"elementor-element elementor-element-e14779b e-flex e-con-boxed e-con e-parent\" data-id=\"e14779b\" data-element_type=\"container\">\n\t\t\t\t\t<div class=\"e-con-inner\">\n\t\t\t\t<div class=\"elementor-element elementor-element-35f3977 elementor-widget elementor-widget-heading\" data-id=\"35f3977\" data-element_type=\"widget\" data-widget_type=\"heading.default\">\n\t\t\t\t<div class=\"elementor-widget-container\">\n\t\t\t<style>\/*! elementor - v3.22.0 - 26-06-2024 *\/\n.elementor-heading-title{padding:0;margin:0;line-height:1}.elementor-widget-heading .elementor-heading-title[class*=elementor-size-]>a{color:inherit;font-size:inherit;line-height:inherit}.elementor-widget-heading .elementor-heading-title.elementor-size-small{font-size:15px}.elementor-widget-heading .elementor-heading-title.elementor-size-medium{font-size:19px}.elementor-widget-heading .elementor-heading-title.elementor-size-large{font-size:29px}.elementor-widget-heading .elementor-heading-title.elementor-size-xl{font-size:39px}.elementor-widget-heading .elementor-heading-title.elementor-size-xxl{font-size:59px}<\/style><h2 class=\"elementor-heading-title elementor-size-default\"><h2 data-elementor-setting-key=\"title\" data-pen-placeholder=\"Type Here...\" style=\"font-family: Roboto, sans-serif; font-weight: 600; color: rgb(110, 193, 228);\">COMUNICAT LANSARE PROIECT\nDEZVOLTAREA SOCIET\u0102\u021aII ADVANCE PRO SOLUTIONS SRL\nCOD SMIS: 321396<span style=\"font-size: 2rem;\"><\/span><\/h2><\/h2>\t\t<\/div>\n\t\t\t\t<\/div>\n\t\t\t\t\t<\/div>\n\t\t\t\t<\/div>\n\t\t<div class=\"elementor-element elementor-element-10191e5 e-flex e-con-boxed e-con e-parent\" data-id=\"10191e5\" data-element_type=\"container\">\n\t\t\t\t\t<div class=\"e-con-inner\">\n\t\t\t\t<div class=\"elementor-element elementor-element-ac9719a elementor-widget elementor-widget-text-editor\" data-id=\"ac9719a\" data-element_type=\"widget\" data-widget_type=\"text-editor.default\">\n\t\t\t\t<div class=\"elementor-widget-container\">\n\t\t\t<style>\/*! elementor - v3.22.0 - 26-06-2024 *\/\n.elementor-widget-text-editor.elementor-drop-cap-view-stacked .elementor-drop-cap{background-color:#69727d;color:#fff}.elementor-widget-text-editor.elementor-drop-cap-view-framed .elementor-drop-cap{color:#69727d;border:3px solid;background-color:transparent}.elementor-widget-text-editor:not(.elementor-drop-cap-view-default) .elementor-drop-cap{margin-top:8px}.elementor-widget-text-editor:not(.elementor-drop-cap-view-default) .elementor-drop-cap-letter{width:1em;height:1em}.elementor-widget-text-editor .elementor-drop-cap{float:left;text-align:center;line-height:1;font-size:50px}.elementor-widget-text-editor .elementor-drop-cap-letter{display:inline-block}<\/style>\t\t\t\t<p><strong>Scopul proiectului:<\/strong>\u00a0Investitia propusa prin prezentul proiect presupune dotarea cu echipamente<br \/>performante a spatiului situat in municipiul Sibiu Strada Constitutiei, Nr. 26, Ap. 3, Judet Sibiu in<br \/>vederea desfasurarii activitatii de intretinere corporala conform cod CAEN 9623, crearea a 4 noi locuri de<br \/>munca, cresterea cifrei de afaceri a societatii, utilizarea de energie din surse regenerabile si cresterea<br \/>gradului de recuperare si refolosire a deseurilor. Scopul acestui proiect const\u0103 \u00een sus\u021binerea cre\u0219terii<br \/>accelerate a micro\u00eentreprinderii prin imbun\u0103t\u0103\u021birea utiliz\u0103rii tehnologiilor ecologice pentru a reduce emisiile de<br \/>dioxid de carbon, a spori rezisten\u021ba \u0219i adaptabilitatea la schimb\u0103rile climatice, optimiz\u00e2nd \u00een acela\u0219i<br \/>timp folosirea resurselor \u0219i a materialelor in cadrul ciclului opera\u021bional.<br \/><strong>Beneficiar:<\/strong>\u00a0ADVANCE PRO SOLUTIONS SRL<br \/>Perioada de implementare: 16.06.2025 \u2013 16.06.2027<br \/>Valoarea total\u0103 a proiectului (Lei) Valoarea cofinan\u021b\u0103rii UE (lei)<br \/>713.928,17 lei 465.054,18 lei din care 395.296,05 lei<\/p><p>(FEDR\/FSE+\/FC\/FTJ)<\/p><p><strong>Rezumat proiect \u0219i activit\u0103\u021bi:<\/strong><br \/>Obiectivul general: Obiectivul principal al companiei coincide cu obiectivul general al proiectului si consta in:<br \/>Cresterea competitivitatii si intensificarea cresterii sustenabile in domeniul serviciilor de intretinere corporala,<br \/>prin dotarea cu echipamente moderne a sediului situat in municipiul Sibiu, Strada Constitutiei, Nr. 26, Ap. 3,<br \/>jude\u021bul Sibiu si crearea de locuri de munca in vederea dezvoltarii capacitatii de prestare a serviciilor si a<br \/>competentelor pentru specializare inteligenta, tranzitie industriala si antreprenoriat.<br \/>Obiective specifice ale proiectului:<br \/>1. Managementul proiectului<br \/>2. Dotarea cu echipamente moderne cu integrarea de noi tehnologii vizand procese de produc\u021bie<br \/>ecologice \u0219i utilizarea eficient\u0103 a resurselor prin achizitionarea urmatoarelor echipamente:<br \/>\u2022 Aparat epilare definitiva \u2013 1 buc<br \/>\u2022 Aparat remodelare corporala si estetica \u2013 1 buc<br \/>\u2022 Aparat tratamente si intretinere epiderma \u2013 1 buc<br \/>\u2022 Aparat masaj corporal \u2013 1 buc<br \/>\u2022 Autoclav \u2013 1 buc<br \/>\u2022 Pat tratamente \u2013 3 buc<\/p><p><strong>PROGRAMUL REGIUNEA CENTRU 2021-2027<\/strong><\/p><p>3. Cresterea numarului de angajati cu norma intreaga pe perioada nedeterminata cu 4 angajati si<br \/>instruirea a 6 angajati<br \/>4. Utilizarea surselor regenerabile de energie prin achizitionarea unui sistem fotovoltaic de producere a<br \/>energiei in vederea eficientizarii consumului energetic.<\/p><p>Data \u00eenceperii proiectului: 16.06.2025<br \/>Data finaliz\u0103rii proiectului: 16.06.2027<br \/>Codul SMIS: 321396<br \/>Contract de finan\u021bare nr.323 \/ 16.06.2025<br \/>PROGRAMUL \u201cREGIUNEA CENTRU\u201d 2021 &#8211; 2027<br \/>PRIORITATEA 1 &#8211; O REGIUNE COMPETITIV\u0102 PRIN INOVARE \u0218I \u00ceNTREPRINDERI DINAMICE PENTRU<br \/>O ECONOMIE INTELIGENT\u0102<br \/>OBIECTIVUL SPECIFIC 1.3 &#8211; INTENSIFICAREA CRE\u0218TERII SUSTENABILE \u0218I CRE\u0218TEREA<br \/>COMPETITIVIT\u0102\u021aII IMM-URILOR \u0218I CREAREA DE LOCURI DE MUNC\u0102 \u00ceN CADRUL IMM-URILOR,<br \/>INCLUSIV PRIN INVESTI\u021aII PRODUCTIVE<br \/>OBIECTIVUL SPECIFIC 1.4 &#8211; DEZVOLTAREA COMPETEN\u021aELOR PENTRU SPECIALIZARE<br \/>INTELIGENT\u0102, TRANZI\u021aIE INDUSTRIAL\u0102 \u0218I ANTREPRENORIAT<br \/>AC\u021aIUNEA 1.4 &#8211; CRE\u0218TEREA IMM PRIN INVESTI\u021aII, MODERNIZARE INDUSTRIAL\u0102, AVANS<br \/>TEHNOLOGIC \u0218I O ECONOMIE REGIONAL\u0102 SUSTENABIL\u0102<br \/>INTERVEN\u021aIA 1.4.2 \u2013 SCALE UP PENTRU START-UP-URI \u0218I MICRO\u00ceNTREPRINDERI<\/p><p>Reprezentant legal: Ioana-Rodica STOICA<br \/>E-mail: office@aqua-clean.ro<br \/>Tel: 0731206826<\/p>\t\t\t\t\t\t<\/div>\n\t\t\t\t<\/div>\n\t\t\t\t\t<\/div>\n\t\t\t\t<\/div>\n\t\t<div class=\"elementor-element elementor-element-fd957f7 e-flex e-con-boxed e-con e-parent\" data-id=\"fd957f7\" data-element_type=\"container\">\n\t\t\t\t\t<div class=\"e-con-inner\">\n\t\t\t\t<div class=\"elementor-element elementor-element-6bc53d2 elementor-widget elementor-widget-button\" data-id=\"6bc53d2\" data-element_type=\"widget\" data-widget_type=\"button.default\">\n\t\t\t\t<div class=\"elementor-widget-container\">\n\t\t\t\t\t<div class=\"elementor-button-wrapper\">\n\t\t\t<a class=\"elementor-button elementor-button-link elementor-size-sm\" href=\"https:\/\/aqua-clean.ro\/public_html\/wp-content\/uploads\/2025\/07\/ComunicatIncepereProiect.pdf\">\n\t\t\t\t\t\t<span class=\"elementor-button-content-wrapper\">\n\t\t\t\t\t\t\t\t\t<span class=\"elementor-button-text\">Descarca Anuntul proiectului<\/span>\n\t\t\t\t\t<\/span>\n\t\t\t\t\t<\/a>\n\t\t<\/div>\n\t\t\t\t<\/div>\n\t\t\t\t<\/div>\n\t\t\t\t\t<\/div>\n\t\t\t\t<\/div>\n\t\t<div class=\"elementor-element elementor-element-52e3d1b e-grid e-con-boxed e-con e-parent\" data-id=\"52e3d1b\" data-element_type=\"container\">\n\t\t\t\t\t<div class=\"e-con-inner\">\n\t\t\t\t<div class=\"elementor-element elementor-element-db285ad elementor-widget elementor-widget-image\" data-id=\"db285ad\" data-element_type=\"widget\" data-widget_type=\"image.default\">\n\t\t\t\t<div class=\"elementor-widget-container\">\n\t\t\t<style>\/*! elementor - v3.22.0 - 26-06-2024 *\/\n.elementor-widget-image{text-align:center}.elementor-widget-image a{display:inline-block}.elementor-widget-image a img[src$=\".svg\"]{width:48px}.elementor-widget-image img{vertical-align:middle;display:inline-block}<\/style>\t\t\t\t\t\t\t\t\t\t\t<a href=\"https:\/\/aqua-clean.ro\/wordpress\/wp-content\/uploads\/2025\/07\/comunicat-pagina-1-bun.jpg\" data-elementor-open-lightbox=\"yes\" data-elementor-lightbox-title=\"comunicat pagina 1 bun\" data-e-action-hash=\"#elementor-action%3Aaction%3Dlightbox%26settings%3DeyJpZCI6MzAwLCJ1cmwiOiJodHRwczpcL1wvYXF1YS1jbGVhbi5yb1wvd29yZHByZXNzXC93cC1jb250ZW50XC91cGxvYWRzXC8yMDI1XC8wN1wvY29tdW5pY2F0LXBhZ2luYS0xLWJ1bi5qcGcifQ%3D%3D\">\n\t\t\t\t\t\t\t<img fetchpriority=\"high\" decoding=\"async\" width=\"715\" height=\"1024\" src=\"https:\/\/aqua-clean.ro\/wordpress\/wp-content\/uploads\/2025\/07\/comunicat-pagina-1-bun-715x1024.jpg\" class=\"attachment-large size-large wp-image-300\" alt=\"\" srcset=\"https:\/\/aqua-clean.ro\/wordpress\/wp-content\/uploads\/2025\/07\/comunicat-pagina-1-bun-715x1024.jpg 715w, https:\/\/aqua-clean.ro\/wordpress\/wp-content\/uploads\/2025\/07\/comunicat-pagina-1-bun-209x300.jpg 209w, https:\/\/aqua-clean.ro\/wordpress\/wp-content\/uploads\/2025\/07\/comunicat-pagina-1-bun-768x1101.jpg 768w, https:\/\/aqua-clean.ro\/wordpress\/wp-content\/uploads\/2025\/07\/comunicat-pagina-1-bun-1072x1536.jpg 1072w, https:\/\/aqua-clean.ro\/wordpress\/wp-content\/uploads\/2025\/07\/comunicat-pagina-1-bun-600x860.jpg 600w, https:\/\/aqua-clean.ro\/wordpress\/wp-content\/uploads\/2025\/07\/comunicat-pagina-1-bun.jpg 1120w\" sizes=\"(max-width: 715px) 100vw, 715px\" \/>\t\t\t\t\t\t\t\t<\/a>\n\t\t\t\t\t\t\t\t\t\t\t\t\t<\/div>\n\t\t\t\t<\/div>\n\t\t\t\t<div class=\"elementor-element elementor-element-993924e elementor-widget elementor-widget-image\" data-id=\"993924e\" data-element_type=\"widget\" data-widget_type=\"image.default\">\n\t\t\t\t<div class=\"elementor-widget-container\">\n\t\t\t\t\t\t\t\t\t\t\t\t\t<img decoding=\"async\" width=\"721\" height=\"1024\" src=\"https:\/\/aqua-clean.ro\/wordpress\/wp-content\/uploads\/2025\/07\/comunicat-pagina-2-721x1024.jpg\" class=\"attachment-large size-large wp-image-301\" alt=\"\" srcset=\"https:\/\/aqua-clean.ro\/wordpress\/wp-content\/uploads\/2025\/07\/comunicat-pagina-2-721x1024.jpg 721w, https:\/\/aqua-clean.ro\/wordpress\/wp-content\/uploads\/2025\/07\/comunicat-pagina-2-211x300.jpg 211w, https:\/\/aqua-clean.ro\/wordpress\/wp-content\/uploads\/2025\/07\/comunicat-pagina-2-768x1090.jpg 768w, https:\/\/aqua-clean.ro\/wordpress\/wp-content\/uploads\/2025\/07\/comunicat-pagina-2-1082x1536.jpg 1082w, https:\/\/aqua-clean.ro\/wordpress\/wp-content\/uploads\/2025\/07\/comunicat-pagina-2-600x852.jpg 600w, https:\/\/aqua-clean.ro\/wordpress\/wp-content\/uploads\/2025\/07\/comunicat-pagina-2.jpg 1127w\" sizes=\"(max-width: 721px) 100vw, 721px\" \/>\t\t\t\t\t\t\t\t\t\t\t\t\t<\/div>\n\t\t\t\t<\/div>\n\t\t\t\t\t<\/div>\n\t\t\t\t<\/div>\n\t\t\t\t<\/div>\n\t\t","protected":false},"excerpt":{"rendered":"<p>COMUNICAT LANSARE PROIECT DEZVOLTAREA SOCIET\u0102\u021aII ADVANCE PRO SOLUTIONS SRL COD SMIS: 321396 Scopul proiectului:\u00a0Investitia propusa prin prezentul proiect presupune dotarea cu echipamenteperformante a spatiului situat in municipiul Sibiu Strada Constitutiei, Nr. 26, Ap. 3, Judet Sibiu invederea desfasurarii activitatii de intretinere corporala conform cod CAEN 9623, crearea a 4 noi locuri demunca, cresterea cifrei de [&hellip;]<\/p>\n","protected":false},"author":1,"featured_media":0,"parent":0,"menu_order":0,"comment_status":"closed","ping_status":"closed","template":"frontpage.php","meta":{"footnotes":""},"_links":{"self":[{"href":"https:\/\/aqua-clean.ro\/index.php\/wp-json\/wp\/v2\/pages\/20"}],"collection":[{"href":"https:\/\/aqua-clean.ro\/index.php\/wp-json\/wp\/v2\/pages"}],"about":[{"href":"https:\/\/aqua-clean.ro\/index.php\/wp-json\/wp\/v2\/types\/page"}],"author":[{"embeddable":true,"href":"https:\/\/aqua-clean.ro\/index.php\/wp-json\/wp\/v2\/users\/1"}],"replies":[{"embeddable":true,"href":"https:\/\/aqua-clean.ro\/index.php\/wp-json\/wp\/v2\/comments?post=20"}],"version-history":[{"count":76,"href":"https:\/\/aqua-clean.ro\/index.php\/wp-json\/wp\/v2\/pages\/20\/revisions"}],"predecessor-version":[{"id":305,"href":"https:\/\/aqua-clean.ro\/index.php\/wp-json\/wp\/v2\/pages\/20\/revisions\/305"}],"wp:attachment":[{"href":"https:\/\/aqua-clean.ro\/index.php\/wp-json\/wp\/v2\/media?parent=20"}],"curies":[{"name":"wp","href":"https:\/\/api.w.org\/{rel}","templated":true}]}}